{"id":4370,"date":"2015-03-31T10:26:01","date_gmt":"2015-03-31T10:26:01","guid":{"rendered":"https:\/\/quintadamo.com\/fr\/homepage\/"},"modified":"2022-07-19T12:24:49","modified_gmt":"2022-07-19T13:24:49","slug":"homepage","status":"publish","type":"page","link":"https:\/\/quintadamo.com\/fr\/","title":{"rendered":"Homepage"},"content":{"rendered":"","protected":false},"excerpt":{"rendered":"","protected":false},"author":1,"featured_media":0,"parent":0,"menu_order":0,"comment_status":"closed","ping_status":"open","template":"","meta":[],"acf":[],"yoast_head":"<!-- This site is optimized with the Yoast SEO plugin v18.4.1 - https:\/\/yoast.com\/wordpress\/plugins\/seo\/ -->\n<title>Maisons de luxe dans un jardin priv\u00e9<\/title>\n<meta name=\"description\" content=\"Logement de luxe dans la propri\u00e9t\u00e9 isol\u00e9e avec jardin priv\u00e9 exotique Furnas. Hyg\u00e9nis\u00e9 quotidiennement. Jacuzzi et petit d\u00e9jeuner inclus.\" \/>\n<meta name=\"robots\" content=\"index, follow, max-snippet:-1, max-image-preview:large, max-video-preview:-1\" \/>\n<link rel=\"canonical\" href=\"https:\/\/quintadamo.com\/fr\/\" \/>\n<meta property=\"og:locale\" content=\"fr_FR\" \/>\n<meta property=\"og:type\" content=\"article\" \/>\n<meta property=\"og:title\" content=\"Maisons de luxe dans un jardin priv\u00e9\" \/>\n<meta property=\"og:description\" content=\"Logement de luxe dans la propri\u00e9t\u00e9 isol\u00e9e avec jardin priv\u00e9 exotique Furnas. Hyg\u00e9nis\u00e9 quotidiennement. Jacuzzi et petit d\u00e9jeuner inclus.\" \/>\n<meta property=\"og:url\" content=\"https:\/\/quintadamo.com\/fr\/\" \/>\n<meta property=\"og:site_name\" content=\"Quinta da M\u00d3\" \/>\n<meta property=\"article:publisher\" content=\"https:\/\/www.facebook.com\/quintadamo\/\" \/>\n<meta property=\"article:modified_time\" content=\"2022-07-19T13:24:49+00:00\" \/>\n<meta name=\"twitter:card\" content=\"summary\" \/>\n<script type=\"application\/ld+json\" class=\"yoast-schema-graph\">{\"@context\":\"https:\/\/schema.org\",\"@graph\":[{\"@type\":\"WebSite\",\"@id\":\"https:\/\/quintadamo.com\/#website\",\"url\":\"https:\/\/quintadamo.com\/\",\"name\":\"Quinta da M\u00d3\",\"description\":\"A\u00e7ores\",\"potentialAction\":[{\"@type\":\"SearchAction\",\"target\":{\"@type\":\"EntryPoint\",\"urlTemplate\":\"https:\/\/quintadamo.com\/?s={search_term_string}\"},\"query-input\":\"required name=search_term_string\"}],\"inLanguage\":\"fr-FR\"},{\"@type\":\"WebPage\",\"@id\":\"https:\/\/quintadamo.com\/fr\/#webpage\",\"url\":\"https:\/\/quintadamo.com\/fr\/\",\"name\":\"Maisons de luxe dans un jardin priv\u00e9\",\"isPartOf\":{\"@id\":\"https:\/\/quintadamo.com\/#website\"},\"datePublished\":\"2015-03-31T10:26:01+00:00\",\"dateModified\":\"2022-07-19T13:24:49+00:00\",\"description\":\"Logement de luxe dans la propri\u00e9t\u00e9 isol\u00e9e avec jardin priv\u00e9 exotique Furnas. Hyg\u00e9nis\u00e9 quotidiennement. Jacuzzi et petit d\u00e9jeuner inclus.\",\"breadcrumb\":{\"@id\":\"https:\/\/quintadamo.com\/fr\/#breadcrumb\"},\"inLanguage\":\"fr-FR\",\"potentialAction\":[{\"@type\":\"ReadAction\",\"target\":[\"https:\/\/quintadamo.com\/fr\/\"]}]},{\"@type\":\"BreadcrumbList\",\"@id\":\"https:\/\/quintadamo.com\/fr\/#breadcrumb\",\"itemListElement\":[{\"@type\":\"ListItem\",\"position\":1,\"name\":\"In\u00edcio\",\"item\":\"https:\/\/quintadamo.com\/fr\/\"},{\"@type\":\"ListItem\",\"position\":2,\"name\":\"Homepage\"}]}]}<\/script>\n<!-- \/ Yoast SEO plugin. -->","yoast_head_json":{"title":"Maisons de luxe dans un jardin priv\u00e9","description":"Logement de luxe dans la propri\u00e9t\u00e9 isol\u00e9e avec jardin priv\u00e9 exotique Furnas. Hyg\u00e9nis\u00e9 quotidiennement. Jacuzzi et petit d\u00e9jeuner inclus.","robots":{"index":"index","follow":"follow","max-snippet":"max-snippet:-1","max-image-preview":"max-image-preview:large","max-video-preview":"max-video-preview:-1"},"canonical":"https:\/\/quintadamo.com\/fr\/","og_locale":"fr_FR","og_type":"article","og_title":"Maisons de luxe dans un jardin priv\u00e9","og_description":"Logement de luxe dans la propri\u00e9t\u00e9 isol\u00e9e avec jardin priv\u00e9 exotique Furnas. Hyg\u00e9nis\u00e9 quotidiennement. Jacuzzi et petit d\u00e9jeuner inclus.","og_url":"https:\/\/quintadamo.com\/fr\/","og_site_name":"Quinta da M\u00d3","article_publisher":"https:\/\/www.facebook.com\/quintadamo\/","article_modified_time":"2022-07-19T13:24:49+00:00","twitter_card":"summary","schema":{"@context":"https:\/\/schema.org","@graph":[{"@type":"WebSite","@id":"https:\/\/quintadamo.com\/#website","url":"https:\/\/quintadamo.com\/","name":"Quinta da M\u00d3","description":"A\u00e7ores","potentialAction":[{"@type":"SearchAction","target":{"@type":"EntryPoint","urlTemplate":"https:\/\/quintadamo.com\/?s={search_term_string}"},"query-input":"required name=search_term_string"}],"inLanguage":"fr-FR"},{"@type":"WebPage","@id":"https:\/\/quintadamo.com\/fr\/#webpage","url":"https:\/\/quintadamo.com\/fr\/","name":"Maisons de luxe dans un jardin priv\u00e9","isPartOf":{"@id":"https:\/\/quintadamo.com\/#website"},"datePublished":"2015-03-31T10:26:01+00:00","dateModified":"2022-07-19T13:24:49+00:00","description":"Logement de luxe dans la propri\u00e9t\u00e9 isol\u00e9e avec jardin priv\u00e9 exotique Furnas. Hyg\u00e9nis\u00e9 quotidiennement. Jacuzzi et petit d\u00e9jeuner inclus.","breadcrumb":{"@id":"https:\/\/quintadamo.com\/fr\/#breadcrumb"},"inLanguage":"fr-FR","potentialAction":[{"@type":"ReadAction","target":["https:\/\/quintadamo.com\/fr\/"]}]},{"@type":"BreadcrumbList","@id":"https:\/\/quintadamo.com\/fr\/#breadcrumb","itemListElement":[{"@type":"ListItem","position":1,"name":"In\u00edcio","item":"https:\/\/quintadamo.com\/fr\/"},{"@type":"ListItem","position":2,"name":"Homepage"}]}]}},"_links":{"self":[{"href":"https:\/\/quintadamo.com\/fr\/wp-json\/wp\/v2\/pages\/4370"}],"collection":[{"href":"https:\/\/quintadamo.com\/fr\/wp-json\/wp\/v2\/pages"}],"about":[{"href":"https:\/\/quintadamo.com\/fr\/wp-json\/wp\/v2\/types\/page"}],"author":[{"embeddable":true,"href":"https:\/\/quintadamo.com\/fr\/wp-json\/wp\/v2\/users\/1"}],"replies":[{"embeddable":true,"href":"https:\/\/quintadamo.com\/fr\/wp-json\/wp\/v2\/comments?post=4370"}],"version-history":[{"count":8,"href":"https:\/\/quintadamo.com\/fr\/wp-json\/wp\/v2\/pages\/4370\/revisions"}],"predecessor-version":[{"id":6637,"href":"https:\/\/quintadamo.com\/fr\/wp-json\/wp\/v2\/pages\/4370\/revisions\/6637"}],"wp:attachment":[{"href":"https:\/\/quintadamo.com\/fr\/wp-json\/wp\/v2\/media?parent=4370"}],"curies":[{"name":"wp","href":"https:\/\/api.w.org\/{rel}","templated":true}]}}